{"id":3903,"date":"2025-09-13T20:22:02","date_gmt":"2025-09-13T20:22:02","guid":{"rendered":"https:\/\/ianalitic.com\/?page_id=3903"},"modified":"2026-04-13T18:26:28","modified_gmt":"2026-04-13T18:26:28","slug":"erp-conversacional","status":"publish","type":"page","link":"https:\/\/ianalitic.com\/en\/erp-conversacional\/","title":{"rendered":"ERP Conversacional"},"content":{"rendered":"<div data-elementor-type=\"wp-page\" data-elementor-id=\"3903\" class=\"elementor elementor-3903\">\n\t\t\t\t<div class=\"elementor-element elementor-element-be914c7 e-flex e-con-boxed e-con e-parent\" data-id=\"be914c7\" data-element_type=\"container\">\n\t\t\t\t\t<div class=\"e-con-inner\">\n\t\t\t\t<div class=\"elementor-element elementor-element-948d9ad elementor-widget elementor-widget-heading\" data-id=\"948d9ad\" data-element_type=\"widget\" data-widget_type=\"heading.default\">\n\t\t\t\t\t<h2 class=\"elementor-heading-title elementor-size-default\">ERP CONVERSACIONAL CON IA<\/h2>\t\t\t\t<\/div>\n\t\t\t\t<div class=\"elementor-element elementor-element-9970356 elementor-align-left elementor-widget elementor-widget-button\" data-id=\"9970356\" data-element_type=\"widget\" data-widget_type=\"button.default\">\n\t\t\t\t\t\t\t\t\t\t<a class=\"elementor-button elementor-button-link elementor-size-sm\" href=\"https:\/\/ianalitics.cloud\/registro\" target=\"_blank\" rel=\"noopener\">\n\t\t\t\t\t\t<span class=\"elementor-button-content-wrapper\">\n\t\t\t\t\t\t\t\t\t<span class=\"elementor-button-text\">Registrate Aqui<\/span>\n\t\t\t\t\t<\/span>\n\t\t\t\t\t<\/a>\n\t\t\t\t\t\t\t\t<\/div>\n\t\t\t\t\t<\/div>\n\t\t\t\t<\/div>\n\t\t<div class=\"elementor-element elementor-element-31b2f76 e-flex e-con-boxed e-con e-parent\" data-id=\"31b2f76\" data-element_type=\"container\">\n\t\t\t\t\t<div class=\"e-con-inner\">\n\t\t<div class=\"elementor-element elementor-element-efa31a5 e-con-full e-flex e-con e-child\" data-id=\"efa31a5\" data-element_type=\"container\">\n\t\t<div class=\"elementor-element elementor-element-5d411d6 e-con-full e-flex e-con e-child\" data-id=\"5d411d6\" data-element_type=\"container\">\n\t\t\t\t<div class=\"elementor-element elementor-element-a86b9f3 elementor-widget elementor-widget-heading\" data-id=\"a86b9f3\" data-element_type=\"widget\" data-widget_type=\"heading.default\">\n\t\t\t\t\t<h5 class=\"elementor-heading-title elementor-size-default\">Acceso mediante login<\/h5>\t\t\t\t<\/div>\n\t\t\t\t<div class=\"elementor-element elementor-element-a21f7c4 elementor-widget elementor-widget-text-editor\" data-id=\"a21f7c4\" data-element_type=\"widget\" data-widget_type=\"text-editor.default\">\n\t\t\t\t\t\t\t\t\t<p style=\"text-align: left;\">Nuestra plataforma de anal\u00edtica de datos est\u00e1 dise\u00f1ada para que tu empresa tenga el control total de su informaci\u00f3n y pueda tomar decisiones estrat\u00e9gicas basadas en datos reales. Con acceso seguro mediante usuario y contrase\u00f1a, podr\u00e1s ingresar f\u00e1cilmente y configurar los datos de tu compa\u00f1\u00eda seg\u00fan tus necesidades. Desde la gesti\u00f3n inicial de tu negocio hasta el an\u00e1lisis avanzado de m\u00e9tricas, nuestro sistema te brinda una experiencia intuitiva, segura y escalable, ideal para empresas que buscan optimizar procesos, centralizar informaci\u00f3n y potenciar su crecimiento. Transforma datos en decisiones inteligentes y lleva tu empresa al siguiente nivel con una plataforma hecha para impulsar resultados.<\/p>\t\t\t\t\t\t\t\t<\/div>\n\t\t\t\t<\/div>\n\t\t\t\t<\/div>\n\t\t<div class=\"elementor-element elementor-element-9600161 e-con-full e-flex e-con e-child\" data-id=\"9600161\" data-element_type=\"container\">\n\t\t\t\t<div class=\"elementor-element elementor-element-954db99 elementor-widget elementor-widget-image\" data-id=\"954db99\" data-element_type=\"widget\" data-widget_type=\"image.default\">\n\t\t\t\t\t\t\t\t\t\t\t\t\t\t\t<img fetchpriority=\"high\" decoding=\"async\" width=\"532\" height=\"399\" src=\"https:\/\/ianalitic.com\/wp-content\/uploads\/2026\/02\/1.png\" class=\"attachment-full size-full wp-image-4352\" alt=\"\" srcset=\"https:\/\/ianalitic.com\/wp-content\/uploads\/2026\/02\/1.png 532w, https:\/\/ianalitic.com\/wp-content\/uploads\/2026\/02\/1-300x225.png 300w, https:\/\/ianalitic.com\/wp-content\/uploads\/2026\/02\/1-16x12.png 16w\" sizes=\"(max-width: 532px) 100vw, 532px\" \/>\t\t\t\t\t\t\t\t\t\t\t\t\t\t\t<\/div>\n\t\t\t\t<\/div>\n\t\t\t\t\t<\/div>\n\t\t\t\t<\/div>\n\t\t<div class=\"elementor-element elementor-element-566edda e-flex e-con-boxed e-con e-parent\" data-id=\"566edda\" data-element_type=\"container\">\n\t\t\t\t\t<div class=\"e-con-inner\">\n\t\t<div class=\"elementor-element elementor-element-cc64de9 e-con-full e-flex e-con e-child\" data-id=\"cc64de9\" data-element_type=\"container\">\n\t\t\t\t<div class=\"elementor-element elementor-element-962e281 elementor-widget elementor-widget-image\" data-id=\"962e281\" data-element_type=\"widget\" data-widget_type=\"image.default\">\n\t\t\t\t\t\t\t\t\t\t\t\t\t\t\t<img decoding=\"async\" width=\"526\" height=\"364\" src=\"https:\/\/ianalitic.com\/wp-content\/uploads\/2026\/02\/3.png\" class=\"attachment-large size-large wp-image-4460\" alt=\"\" srcset=\"https:\/\/ianalitic.com\/wp-content\/uploads\/2026\/02\/3.png 526w, https:\/\/ianalitic.com\/wp-content\/uploads\/2026\/02\/3-300x208.png 300w, https:\/\/ianalitic.com\/wp-content\/uploads\/2026\/02\/3-18x12.png 18w\" sizes=\"(max-width: 526px) 100vw, 526px\" \/>\t\t\t\t\t\t\t\t\t\t\t\t\t\t\t<\/div>\n\t\t\t\t<\/div>\n\t\t<div class=\"elementor-element elementor-element-e20c757 e-con-full e-flex e-con e-child\" data-id=\"e20c757\" data-element_type=\"container\">\n\t\t\t\t<div class=\"elementor-element elementor-element-d89a315 elementor-widget elementor-widget-heading\" data-id=\"d89a315\" data-element_type=\"widget\" data-widget_type=\"heading.default\">\n\t\t\t\t\t<h5 class=\"elementor-heading-title elementor-size-default\">Campos Personalizables<\/h5>\t\t\t\t<\/div>\n\t\t\t\t<div class=\"elementor-element elementor-element-6f55f2a elementor-widget elementor-widget-text-editor\" data-id=\"6f55f2a\" data-element_type=\"widget\" data-widget_type=\"text-editor.default\">\n\t\t\t\t\t\t\t\t\t<p style=\"text-align: left;\">Con nuestra plataforma de inventario, tu empresa puede visualizar de manera detallada cada producto, incluyendo informaci\u00f3n clave como fabricante, proveedor, cantidad, costos, stock m\u00ednimo y m\u00e1ximo. Adem\u00e1s, cuenta con una potente herramienta de b\u00fasqueda que permite localizar art\u00edculos r\u00e1pidamente a trav\u00e9s de c\u00f3digos de barras o referencias internas, facilitando el control de inventario en tiempo real y evitando errores en la gesti\u00f3n. Esta funcionalidad est\u00e1 dise\u00f1ada para optimizar tus procesos log\u00edsticos, garantizar la disponibilidad de productos y ofrecer una experiencia \u00e1gil y eficiente para tu equipo.<\/p>\t\t\t\t\t\t\t\t<\/div>\n\t\t\t\t<\/div>\n\t\t\t\t\t<\/div>\n\t\t\t\t<\/div>\n\t\t<div class=\"elementor-element elementor-element-09aac67 e-flex e-con-boxed e-con e-parent\" data-id=\"09aac67\" data-element_type=\"container\">\n\t\t\t\t\t<div class=\"e-con-inner\">\n\t\t<div class=\"elementor-element elementor-element-9b3825f e-con-full e-flex e-con e-child\" data-id=\"9b3825f\" data-element_type=\"container\">\n\t\t\t\t<div class=\"elementor-element elementor-element-4b01d3b elementor-widget elementor-widget-heading\" data-id=\"4b01d3b\" data-element_type=\"widget\" data-widget_type=\"heading.default\">\n\t\t\t\t\t<h5 class=\"elementor-heading-title elementor-size-default\">Configura tus m\u00e1rgenes de utilidad<\/h5>\t\t\t\t<\/div>\n\t\t\t\t<div class=\"elementor-element elementor-element-aaab18f elementor-widget elementor-widget-text-editor\" data-id=\"aaab18f\" data-element_type=\"widget\" data-widget_type=\"text-editor.default\">\n\t\t\t\t\t\t\t\t\t<p style=\"text-align: left;\">Nuestra plataforma no solo centraliza la gesti\u00f3n de inventarios, sino que tambi\u00e9n te permite configurar m\u00e1rgenes de ganancia de manera personalizada seg\u00fan rangos de costos, garantizando un control estrat\u00e9gico de la rentabilidad de tu negocio. Con un sistema flexible y f\u00e1cil de usar, podr\u00e1s ajustar precios de venta autom\u00e1ticamente, administrar m\u00faltiples almacenes y optimizar la distribuci\u00f3n de productos en diferentes sedes o bodegas. Todo esto en una sola herramienta que simplifica la gesti\u00f3n operativa, mejora la toma de decisiones y maximiza tus beneficios con precisi\u00f3n y eficiencia.<\/p>\t\t\t\t\t\t\t\t<\/div>\n\t\t\t\t<\/div>\n\t\t<div class=\"elementor-element elementor-element-7c49493 e-con-full e-flex e-con e-child\" data-id=\"7c49493\" data-element_type=\"container\">\n\t\t\t\t<div class=\"elementor-element elementor-element-1239cf8 elementor-widget elementor-widget-image\" data-id=\"1239cf8\" data-element_type=\"widget\" data-widget_type=\"image.default\">\n\t\t\t\t\t\t\t\t\t\t\t\t\t\t\t<img decoding=\"async\" width=\"503\" height=\"468\" src=\"https:\/\/ianalitic.com\/wp-content\/uploads\/2025\/09\/Margenes.jpg\" class=\"attachment-large size-large wp-image-3922\" alt=\"\" srcset=\"https:\/\/ianalitic.com\/wp-content\/uploads\/2025\/09\/Margenes.jpg 503w, https:\/\/ianalitic.com\/wp-content\/uploads\/2025\/09\/Margenes-300x279.jpg 300w\" sizes=\"(max-width: 503px) 100vw, 503px\" \/>\t\t\t\t\t\t\t\t\t\t\t\t\t\t\t<\/div>\n\t\t\t\t<\/div>\n\t\t\t\t\t<\/div>\n\t\t\t\t<\/div>\n\t\t<div class=\"elementor-element elementor-element-2951f2b e-flex e-con-boxed e-con e-parent\" data-id=\"2951f2b\" data-element_type=\"container\">\n\t\t\t\t\t<div class=\"e-con-inner\">\n\t\t<div class=\"elementor-element elementor-element-5b3830b e-con-full e-flex e-con e-child\" data-id=\"5b3830b\" data-element_type=\"container\">\n\t\t\t\t<div class=\"elementor-element elementor-element-1117c8c elementor-widget elementor-widget-image\" data-id=\"1117c8c\" data-element_type=\"widget\" data-widget_type=\"image.default\">\n\t\t\t\t\t\t\t\t\t\t\t\t\t\t\t<img loading=\"lazy\" decoding=\"async\" width=\"532\" height=\"399\" src=\"https:\/\/ianalitic.com\/wp-content\/uploads\/2026\/03\/4.png\" class=\"attachment-large size-large wp-image-4861\" alt=\"\" srcset=\"https:\/\/ianalitic.com\/wp-content\/uploads\/2026\/03\/4.png 532w, https:\/\/ianalitic.com\/wp-content\/uploads\/2026\/03\/4-300x225.png 300w, https:\/\/ianalitic.com\/wp-content\/uploads\/2026\/03\/4-16x12.png 16w\" sizes=\"(max-width: 532px) 100vw, 532px\" \/>\t\t\t\t\t\t\t\t\t\t\t\t\t\t\t<\/div>\n\t\t\t\t<\/div>\n\t\t<div class=\"elementor-element elementor-element-5936b82 e-con-full e-flex e-con e-child\" data-id=\"5936b82\" data-element_type=\"container\">\n\t\t\t\t<div class=\"elementor-element elementor-element-1f8e6fb elementor-widget elementor-widget-heading\" data-id=\"1f8e6fb\" data-element_type=\"widget\" data-widget_type=\"heading.default\">\n\t\t\t\t\t<h2 class=\"elementor-heading-title elementor-size-default\">Control de Inventarios<\/h2>\t\t\t\t<\/div>\n\t\t\t\t<div class=\"elementor-element elementor-element-b34fcfc elementor-widget elementor-widget-text-editor\" data-id=\"b34fcfc\" data-element_type=\"widget\" data-widget_type=\"text-editor.default\">\n\t\t\t\t\t\t\t\t\t<p style=\"text-align: left;\">El m\u00f3dulo de Recepci\u00f3n de Compras permite seguir con precisi\u00f3n el ciclo de llegada de los productos adquiridos, garantizando trazabilidad operativa y control log\u00edstico antes de que los art\u00edculos impacten el inventario.<\/p><p style=\"text-align: left;\">En este proceso destacan dos estados clave. El estado <strong>\u201cRecepcionada\u201d<\/strong> indica que el \u00e1rea responsable de la orden de compra, o los usuarios vinculados al proceso, ya han confirmado que el proveedor entreg\u00f3 la mercanc\u00eda.<\/p><p style=\"text-align: left;\">Posteriormente, al pasar a estado<strong> \u201cOC Ingresada\u201d<\/strong>, el sistema formaliza la incorporaci\u00f3n de esos productos al inventario, actualizando existencias, incrementando stock y registrando autom\u00e1ticamente la entrada en la tabla de movimientos como ingreso por Orden de Compra, asociando siempre el n\u00famero de folio correspondiente para auditor\u00eda.<\/p>\t\t\t\t\t\t\t\t<\/div>\n\t\t\t\t<\/div>\n\t\t\t\t\t<\/div>\n\t\t\t\t<\/div>\n\t\t<div class=\"elementor-element elementor-element-ede74af e-flex e-con-boxed e-con e-parent\" data-id=\"ede74af\" data-element_type=\"container\">\n\t\t\t\t\t<div class=\"e-con-inner\">\n\t\t<div class=\"elementor-element elementor-element-998a1a5 e-con-full e-flex e-con e-child\" data-id=\"998a1a5\" data-element_type=\"container\">\n\t\t\t\t<div class=\"elementor-element elementor-element-73e7099 elementor-widget elementor-widget-heading\" data-id=\"73e7099\" data-element_type=\"widget\" data-widget_type=\"heading.default\">\n\t\t\t\t\t<h2 class=\"elementor-heading-title elementor-size-default\">Configuraci\u00f3n y Seguridad<\/h2>\t\t\t\t<\/div>\n\t\t\t\t<div class=\"elementor-element elementor-element-ff5c772 elementor-widget elementor-widget-text-editor\" data-id=\"ff5c772\" data-element_type=\"widget\" data-widget_type=\"text-editor.default\">\n\t\t\t\t\t\t\t\t\t<p style=\"text-align: left;\">Tu informaci\u00f3n, siempre segura y bajo control. Define perfiles de usuario y permisos granulares para cada \u00e1rea de tu empresa. El sistema garantiza que cada colaborador acceder\u00e1 solo a lo que le corresponde, manteniendo la integridad operativa<\/p>\t\t\t\t\t\t\t\t<\/div>\n\t\t\t\t<\/div>\n\t\t<div class=\"elementor-element elementor-element-65979f6 e-con-full e-flex e-con e-child\" data-id=\"65979f6\" data-element_type=\"container\">\n\t\t\t\t<div class=\"elementor-element elementor-element-f98d13e elementor-widget elementor-widget-image\" data-id=\"f98d13e\" data-element_type=\"widget\" data-widget_type=\"image.default\">\n\t\t\t\t\t\t\t\t\t\t\t\t\t\t\t<img loading=\"lazy\" decoding=\"async\" width=\"532\" height=\"399\" src=\"https:\/\/ianalitic.com\/wp-content\/uploads\/2026\/03\/5.png\" class=\"attachment-large size-large wp-image-4863\" alt=\"\" srcset=\"https:\/\/ianalitic.com\/wp-content\/uploads\/2026\/03\/5.png 532w, https:\/\/ianalitic.com\/wp-content\/uploads\/2026\/03\/5-300x225.png 300w, https:\/\/ianalitic.com\/wp-content\/uploads\/2026\/03\/5-16x12.png 16w\" sizes=\"(max-width: 532px) 100vw, 532px\" \/>\t\t\t\t\t\t\t\t\t\t\t\t\t\t\t<\/div>\n\t\t\t\t<\/div>\n\t\t\t\t\t<\/div>\n\t\t\t\t<\/div>\n\t\t<div class=\"elementor-element elementor-element-fd78300 e-flex e-con-boxed e-con e-parent\" data-id=\"fd78300\" data-element_type=\"container\">\n\t\t\t\t\t<div class=\"e-con-inner\">\n\t\t<div class=\"elementor-element elementor-element-e54d436 e-con-full e-flex e-con e-child\" data-id=\"e54d436\" data-element_type=\"container\">\n\t\t\t\t<div class=\"elementor-element elementor-element-578d80f elementor-widget elementor-widget-image\" data-id=\"578d80f\" data-element_type=\"widget\" data-widget_type=\"image.default\">\n\t\t\t\t\t\t\t\t\t\t\t\t\t\t\t<img loading=\"lazy\" decoding=\"async\" width=\"532\" height=\"399\" src=\"https:\/\/ianalitic.com\/wp-content\/uploads\/2026\/03\/6.png\" class=\"attachment-large size-large wp-image-4864\" alt=\"\" srcset=\"https:\/\/ianalitic.com\/wp-content\/uploads\/2026\/03\/6.png 532w, https:\/\/ianalitic.com\/wp-content\/uploads\/2026\/03\/6-300x225.png 300w, https:\/\/ianalitic.com\/wp-content\/uploads\/2026\/03\/6-16x12.png 16w\" sizes=\"(max-width: 532px) 100vw, 532px\" \/>\t\t\t\t\t\t\t\t\t\t\t\t\t\t\t<\/div>\n\t\t\t\t<\/div>\n\t\t<div class=\"elementor-element elementor-element-ad83798 e-con-full e-flex e-con e-child\" data-id=\"ad83798\" data-element_type=\"container\">\n\t\t\t\t<div class=\"elementor-element elementor-element-1491538 elementor-widget elementor-widget-heading\" data-id=\"1491538\" data-element_type=\"widget\" data-widget_type=\"heading.default\">\n\t\t\t\t\t<h2 class=\"elementor-heading-title elementor-size-default\">Gesti\u00f3n de Compras y Abastecimiento<\/h2>\t\t\t\t<\/div>\n\t\t\t\t<div class=\"elementor-element elementor-element-b524874 elementor-widget elementor-widget-text-editor\" data-id=\"b524874\" data-element_type=\"widget\" data-widget_type=\"text-editor.default\">\n\t\t\t\t\t\t\t\t\t<p style=\"text-align: left;\"><strong>\u00bfTe preocupa quedarte sin stock?<\/strong> El ERP Conversacional analiza tus tendencias y te avisa: &#8216;Sugerencia: <strong>Debes pedir 50 unidades del Producto Y para cubrir la demanda de la semana&#8217;. Aprueba \u00f3rdenes de compra con un solo comando de voz o chat.<\/strong><\/p>\t\t\t\t\t\t\t\t<\/div>\n\t\t\t\t<\/div>\n\t\t\t\t\t<\/div>\n\t\t\t\t<\/div>\n\t\t<div class=\"elementor-element elementor-element-a7d2241 e-flex e-con-boxed e-con e-parent\" data-id=\"a7d2241\" data-element_type=\"container\">\n\t\t\t\t\t<div class=\"e-con-inner\">\n\t\t<div class=\"elementor-element elementor-element-db34cbf e-con-full e-flex e-con e-child\" data-id=\"db34cbf\" data-element_type=\"container\">\n\t\t\t\t<div class=\"elementor-element elementor-element-df76732 elementor-widget elementor-widget-heading\" data-id=\"df76732\" data-element_type=\"widget\" data-widget_type=\"heading.default\">\n\t\t\t\t\t<h2 class=\"elementor-heading-title elementor-size-default\">Control de Cajas y Flujo Efectivo<\/h2>\t\t\t\t<\/div>\n\t\t\t\t<div class=\"elementor-element elementor-element-1314005 elementor-widget elementor-widget-text-editor\" data-id=\"1314005\" data-element_type=\"widget\" data-widget_type=\"text-editor.default\">\n\t\t\t\t\t\t\t\t\t<p style=\"text-align: left;\">Mant\u00e9n el control total de tu liquidez. Pregunta en cualquier momento: &#8216;\u00bfCu\u00e1l es el saldo actual en la Caja Principal?&#8217; o &#8216;Dame el resumen de movimientos de hoy&#8217;. Gestiona aperturas, cierres y traslados entre cuentas de forma segura y auditada.<\/p>\t\t\t\t\t\t\t\t<\/div>\n\t\t\t\t<\/div>\n\t\t<div class=\"elementor-element elementor-element-0c1a7bd e-con-full e-flex e-con e-child\" data-id=\"0c1a7bd\" data-element_type=\"container\">\n\t\t\t\t<div class=\"elementor-element elementor-element-48aadf5 elementor-widget elementor-widget-image\" data-id=\"48aadf5\" data-element_type=\"widget\" data-widget_type=\"image.default\">\n\t\t\t\t\t\t\t\t\t\t\t\t\t\t\t<img loading=\"lazy\" decoding=\"async\" width=\"532\" height=\"399\" src=\"https:\/\/ianalitic.com\/wp-content\/uploads\/2026\/03\/7.png\" class=\"attachment-large size-large wp-image-4865\" alt=\"\" srcset=\"https:\/\/ianalitic.com\/wp-content\/uploads\/2026\/03\/7.png 532w, https:\/\/ianalitic.com\/wp-content\/uploads\/2026\/03\/7-300x225.png 300w, https:\/\/ianalitic.com\/wp-content\/uploads\/2026\/03\/7-16x12.png 16w\" sizes=\"(max-width: 532px) 100vw, 532px\" \/>\t\t\t\t\t\t\t\t\t\t\t\t\t\t\t<\/div>\n\t\t\t\t<\/div>\n\t\t\t\t\t<\/div>\n\t\t\t\t<\/div>\n\t\t\t\t<\/div>","protected":false},"excerpt":{"rendered":"<p>ERP CONVERSACIONAL CON IA Registrate Aqui Acceso mediante login Nuestra plataforma de anal\u00edtica de datos est\u00e1 dise\u00f1ada para que tu [&hellip;]<\/p>\n","protected":false},"author":1,"featured_media":0,"parent":0,"menu_order":0,"comment_status":"closed","ping_status":"closed","template":"","meta":{"site-sidebar-layout":"no-sidebar","site-content-layout":"","ast-site-content-layout":"full-width-container","site-content-style":"default","site-sidebar-style":"default","ast-global-header-display":"","ast-banner-title-visibility":"","ast-main-header-display":"","ast-hfb-above-header-display":"","ast-hfb-below-header-display":"","ast-hfb-mobile-header-display":"","site-post-title":"","ast-breadcrumbs-content":"","ast-featured-img":"disabled","footer-sml-layout":"","theme-transparent-header-meta":"","adv-header-id-meta":"","stick-header-meta":"","header-above-stick-meta":"","header-main-stick-meta":"","header-below-stick-meta":"","astra-migrate-meta-layouts":"default","ast-page-background-enabled":"default","ast-page-background-meta":{"desktop":{"background-color":"var(--ast-global-color-4)","background-image":"","background-repeat":"repeat","background-position":"center center","background-size":"auto","background-attachment":"scroll","background-type":"","background-media":"","overlay-type":"","overlay-color":"","overlay-opacity":"","overlay-gradient":""},"tablet":{"background-color":"","background-image":"","background-repeat":"repeat","background-position":"center center","background-size":"auto","background-attachment":"scroll","background-type":"","background-media":"","overlay-type":"","overlay-color":"","overlay-opacity":"","overlay-gradient":""},"mobile":{"background-color":"","background-image":"","background-repeat":"repeat","background-position":"center center","background-size":"auto","background-attachment":"scroll","background-type":"","background-media":"","overlay-type":"","overlay-color":"","overlay-opacity":"","overlay-gradient":""}},"ast-content-background-meta":{"desktop":{"background-color":"var(--ast-global-color-5)","background-image":"","background-repeat":"repeat","background-position":"center center","background-size":"auto","background-attachment":"scroll","background-type":"","background-media":"","overlay-type":"","overlay-color":"","overlay-opacity":"","overlay-gradient":""},"tablet":{"background-color":"var(--ast-global-color-5)","background-image":"","background-repeat":"repeat","background-position":"center center","background-size":"auto","background-attachment":"scroll","background-type":"","background-media":"","overlay-type":"","overlay-color":"","overlay-opacity":"","overlay-gradient":""},"mobile":{"background-color":"var(--ast-global-color-5)","background-image":"","background-repeat":"repeat","background-position":"center center","background-size":"auto","background-attachment":"scroll","background-type":"","background-media":"","overlay-type":"","overlay-color":"","overlay-opacity":"","overlay-gradient":""}},"footnotes":""},"class_list":["post-3903","page","type-page","status-publish","hentry"],"_links":{"self":[{"href":"https:\/\/ianalitic.com\/en\/wp-json\/wp\/v2\/pages\/3903","targetHints":{"allow":["GET"]}}],"collection":[{"href":"https:\/\/ianalitic.com\/en\/wp-json\/wp\/v2\/pages"}],"about":[{"href":"https:\/\/ianalitic.com\/en\/wp-json\/wp\/v2\/types\/page"}],"author":[{"embeddable":true,"href":"https:\/\/ianalitic.com\/en\/wp-json\/wp\/v2\/users\/1"}],"replies":[{"embeddable":true,"href":"https:\/\/ianalitic.com\/en\/wp-json\/wp\/v2\/comments?post=3903"}],"version-history":[{"count":139,"href":"https:\/\/ianalitic.com\/en\/wp-json\/wp\/v2\/pages\/3903\/revisions"}],"predecessor-version":[{"id":4941,"href":"https:\/\/ianalitic.com\/en\/wp-json\/wp\/v2\/pages\/3903\/revisions\/4941"}],"wp:attachment":[{"href":"https:\/\/ianalitic.com\/en\/wp-json\/wp\/v2\/media?parent=3903"}],"curies":[{"name":"wp","href":"https:\/\/api.w.org\/{rel}","templated":true}]}}