{"id":3869,"date":"2025-09-13T18:38:19","date_gmt":"2025-09-13T18:38:19","guid":{"rendered":"https:\/\/ianalitic.com\/?page_id=3869"},"modified":"2026-04-13T19:04:20","modified_gmt":"2026-04-13T19:04:20","slug":"vision-por-computadora","status":"publish","type":"page","link":"https:\/\/ianalitic.com\/en\/vision-por-computadora\/","title":{"rendered":"Visi\u00f3n por Computadora"},"content":{"rendered":"\t\t<div data-elementor-type=\"wp-page\" data-elementor-id=\"3869\" class=\"elementor elementor-3869\">\n\t\t\t\t<div class=\"elementor-element elementor-element-5bfd704a e-con-full e-flex e-con e-parent\" data-id=\"5bfd704a\" data-element_type=\"container\">\n\t\t<div class=\"elementor-element elementor-element-535bb7b e-con-full e-flex e-con e-child\" data-id=\"535bb7b\" data-element_type=\"container\">\n\t\t<div class=\"elementor-element elementor-element-2f1b0a0 e-con-full e-flex e-con e-child\" data-id=\"2f1b0a0\" data-element_type=\"container\">\n\t\t\t\t<div class=\"elementor-element elementor-element-3d7baaf elementor-widget elementor-widget-heading\" data-id=\"3d7baaf\" data-element_type=\"widget\" data-widget_type=\"heading.default\">\n\t\t\t\t\t<h5 class=\"elementor-heading-title elementor-size-default\">Sistema de seguridad y salud en el trabajo<\/h5>\t\t\t\t<\/div>\n\t\t\t\t<div class=\"elementor-element elementor-element-e289185 elementor-widget elementor-widget-text-editor\" data-id=\"e289185\" data-element_type=\"widget\" data-widget_type=\"text-editor.default\">\n\t\t\t\t\t\t\t\t\t<p>Eleva la seguridad laboral de tu empresa sin gastar en infraestructura. Nuestro servicio revoluciona la gesti\u00f3n de Seguridad y Salud en el Trabajo (SST) con visi\u00f3n artificial avanzada. Detectamos en tiempo real el uso incorrecto o la ausencia de Elementos de Protecci\u00f3n Personal (EPP), malas pr\u00e1cticas, posturas riesgosas y cualquier comportamiento inseguro en tu entorno laboral. Utilizamos algoritmos de visi\u00f3n por computador entrenados espec\u00edficamente en tu escenario real de trabajo, que analizan cada movimiento de tu equipo y env\u00edan alertas e informes claros y accionables. T\u00fa no compras ni instalas nada; nosotros nos encargamos de toda la instalaci\u00f3n con c\u00e1maras aut\u00f3nomas, sin cableado ni servidores. T\u00fa solo recibes resultados: indicadores de riesgo precisos, detecci\u00f3n autom\u00e1tica de incumplimientos y riesgos operativos, reportes semanales en Power BI con an\u00e1lisis detallado y planes de mejora personalizados para optimizar tu SST. Con esta soluci\u00f3n tendr\u00e1s la tranquilidad de saber que tu equipo est\u00e1 protegido y tu operaci\u00f3n cumple con los m\u00e1s altos est\u00e1ndares, sin inversi\u00f3n en infraestructura ni complicaciones t\u00e9cnicas.<\/p>\t\t\t\t\t\t\t\t<\/div>\n\t\t\t\t<\/div>\n\t\t<div class=\"elementor-element elementor-element-ced66b5 e-con-full e-flex e-con e-child\" data-id=\"ced66b5\" data-element_type=\"container\">\n\t\t\t\t<div class=\"elementor-element elementor-element-febb263 elementor-widget elementor-widget-image\" data-id=\"febb263\" data-element_type=\"widget\" data-widget_type=\"image.default\">\n\t\t\t\t\t\t\t\t\t\t\t\t\t\t\t<img fetchpriority=\"high\" decoding=\"async\" width=\"491\" height=\"624\" src=\"https:\/\/ianalitic.com\/wp-content\/uploads\/2026\/02\/SST.png\" class=\"attachment-full size-full wp-image-4284\" alt=\"\" srcset=\"https:\/\/ianalitic.com\/wp-content\/uploads\/2026\/02\/SST.png 491w, https:\/\/ianalitic.com\/wp-content\/uploads\/2026\/02\/SST-236x300.png 236w, https:\/\/ianalitic.com\/wp-content\/uploads\/2026\/02\/SST-9x12.png 9w\" sizes=\"(max-width: 491px) 100vw, 491px\" \/>\t\t\t\t\t\t\t\t\t\t\t\t\t\t\t<\/div>\n\t\t\t\t<\/div>\n\t\t\t\t<\/div>\n\t\t\t\t<div class=\"elementor-element elementor-element-9ef2d15 elementor-widget elementor-widget-video\" data-id=\"9ef2d15\" data-element_type=\"widget\" data-settings=\"{&quot;youtube_url&quot;:&quot;https:\\\/\\\/youtu.be\\\/Bob1S2V9LKQ&quot;,&quot;video_type&quot;:&quot;youtube&quot;,&quot;controls&quot;:&quot;yes&quot;}\" data-widget_type=\"video.default\">\n\t\t\t\t\t\t\t<div class=\"elementor-wrapper elementor-open-inline\">\n\t\t\t<div class=\"elementor-video\"><\/div>\t\t<\/div>\n\t\t\t\t\t\t<\/div>\n\t\t<div class=\"elementor-element elementor-element-a33c393 e-con-full e-flex e-con e-child\" data-id=\"a33c393\" data-element_type=\"container\" data-settings=\"{&quot;background_background&quot;:&quot;slideshow&quot;,&quot;background_slideshow_gallery&quot;:[{&quot;id&quot;:4285,&quot;url&quot;:&quot;https:\\\/\\\/ianalitic.com\\\/wp-content\\\/uploads\\\/2026\\\/02\\\/botellas.png&quot;}],&quot;background_slideshow_loop&quot;:&quot;yes&quot;,&quot;background_slideshow_slide_duration&quot;:5000,&quot;background_slideshow_slide_transition&quot;:&quot;fade&quot;,&quot;background_slideshow_transition_duration&quot;:500}\">\n\t\t<div class=\"elementor-element elementor-element-e61a9a1 e-con-full e-flex e-con e-child\" data-id=\"e61a9a1\" data-element_type=\"container\">\n\t\t\t\t<\/div>\n\t\t<div class=\"elementor-element elementor-element-18b64de e-con-full e-flex e-con e-child\" data-id=\"18b64de\" data-element_type=\"container\">\n\t\t\t\t<div class=\"elementor-element elementor-element-304af51 elementor-widget elementor-widget-heading\" data-id=\"304af51\" data-element_type=\"widget\" data-widget_type=\"heading.default\">\n\t\t\t\t\t<h5 class=\"elementor-heading-title elementor-size-default\">Procesos de calidad<\/h5>\t\t\t\t<\/div>\n\t\t\t\t<div class=\"elementor-element elementor-element-dac651e elementor-widget elementor-widget-text-editor\" data-id=\"dac651e\" data-element_type=\"widget\" data-widget_type=\"text-editor.default\">\n\t\t\t\t\t\t\t\t\t<p><span style=\"color: #ffffff;\">Optimiza tus l\u00edneas de producci\u00f3n y asegura la calidad de tus productos sin invertir en infraestructura. Nuestro sistema con visi\u00f3n artificial monitorea en tiempo real cada etapa del proceso para detectar errores, empaques defectuosos y productos con fallas antes de que lleguen a tus clientes. Entrenamos algoritmos espec\u00edficos para tu l\u00ednea de producci\u00f3n, lo que nos permite generar indicadores de riesgo precisos, reportes claros y planes de mejora personalizados. No necesitas comprar ni instalar nada; nosotros nos encargamos de todo y t\u00fa solo recibes informaci\u00f3n confiable para optimizar tu operaci\u00f3n, reducir desperdicios y elevar tus est\u00e1ndares de calidad.<\/span><\/p>\t\t\t\t\t\t\t\t<\/div>\n\t\t\t\t<\/div>\n\t\t\t\t<\/div>\n\t\t<div class=\"elementor-element elementor-element-b3df4b9 e-con-full e-flex e-con e-child\" data-id=\"b3df4b9\" data-element_type=\"container\">\n\t\t<div class=\"elementor-element elementor-element-b6979a4 e-con-full e-flex e-con e-child\" data-id=\"b6979a4\" data-element_type=\"container\">\n\t\t\t\t<div class=\"elementor-element elementor-element-5d0220b elementor-widget elementor-widget-heading\" data-id=\"5d0220b\" data-element_type=\"widget\" data-widget_type=\"heading.default\">\n\t\t\t\t\t<h5 class=\"elementor-heading-title elementor-size-default\">Monitoreo y conteo de personas<\/h5>\t\t\t\t<\/div>\n\t\t\t\t<div class=\"elementor-element elementor-element-4fc4af4 elementor-widget elementor-widget-text-editor\" data-id=\"4fc4af4\" data-element_type=\"widget\" data-widget_type=\"text-editor.default\">\n\t\t\t\t\t\t\t\t\t<p>Impulsa el valor de tu negocio y mejora la experiencia de tus clientes con nuestro servicio de monitoreo inteligente de personas. Usamos visi\u00f3n artificial para analizar en tiempo real el flujo de visitantes, identificar \u00e1reas de mayor afluencia, medir aglomeraciones y optimizar la distribuci\u00f3n de espacios. Este servicio es ideal para centros comerciales, tiendas, hospitales, entidades p\u00fablicas y cualquier lugar donde sea clave entender el comportamiento de las personas. Nuestros algoritmos entregan indicadores claros que te permiten tomar decisiones estrat\u00e9gicas como redistribuir zonas comerciales, reforzar medidas de seguridad y evacuaci\u00f3n, gestionar mejor el personal y mejorar la atenci\u00f3n al p\u00fablico. No necesitas invertir en infraestructura; nosotros instalamos equipos aut\u00f3nomos y te entregamos reportes detallados y accionables para que cada espacio funcione de manera m\u00e1s eficiente y segura.<\/p>\t\t\t\t\t\t\t\t<\/div>\n\t\t\t\t<\/div>\n\t\t<div class=\"elementor-element elementor-element-70fd22c e-con-full e-flex e-con e-child\" data-id=\"70fd22c\" data-element_type=\"container\">\n\t\t\t\t<div class=\"elementor-element elementor-element-8577717 elementor-widget elementor-widget-image\" data-id=\"8577717\" data-element_type=\"widget\" data-widget_type=\"image.default\">\n\t\t\t\t\t\t\t\t\t\t\t\t\t\t\t<img decoding=\"async\" width=\"1024\" height=\"807\" src=\"https:\/\/ianalitic.com\/wp-content\/uploads\/2025\/09\/Promedio_Personas-en-cajeros.png\" class=\"attachment-large size-large wp-image-3882\" alt=\"\" srcset=\"https:\/\/ianalitic.com\/wp-content\/uploads\/2025\/09\/Promedio_Personas-en-cajeros.png 1024w, https:\/\/ianalitic.com\/wp-content\/uploads\/2025\/09\/Promedio_Personas-en-cajeros-600x473.png 600w, https:\/\/ianalitic.com\/wp-content\/uploads\/2025\/09\/Promedio_Personas-en-cajeros-300x236.png 300w, https:\/\/ianalitic.com\/wp-content\/uploads\/2025\/09\/Promedio_Personas-en-cajeros-768x605.png 768w\" sizes=\"(max-width: 1024px) 100vw, 1024px\" \/>\t\t\t\t\t\t\t\t\t\t\t\t\t\t\t<\/div>\n\t\t\t\t<\/div>\n\t\t\t\t<\/div>\n\t\t\t\t<\/div>\n\t\t<div class=\"elementor-element elementor-element-92635d6 e-flex e-con-boxed e-con e-parent\" data-id=\"92635d6\" data-element_type=\"container\">\n\t\t\t\t\t<div class=\"e-con-inner\">\n\t\t\t\t\t<\/div>\n\t\t\t\t<\/div>\n\t\t\t\t<\/div>\n\t\t","protected":false},"excerpt":{"rendered":"<p>Sistema de seguridad y salud en el trabajo Eleva la seguridad laboral de tu empresa sin gastar en infraestructura. Nuestro [&hellip;]<\/p>\n","protected":false},"author":1,"featured_media":0,"parent":0,"menu_order":0,"comment_status":"closed","ping_status":"closed","template":"elementor_theme","meta":{"site-sidebar-layout":"default","site-content-layout":"","ast-site-content-layout":"default","site-content-style":"default","site-sidebar-style":"default","ast-global-header-display":"","ast-banner-title-visibility":"","ast-main-header-display":"","ast-hfb-above-header-display":"","ast-hfb-below-header-display":"","ast-hfb-mobile-header-display":"","site-post-title":"","ast-breadcrumbs-content":"","ast-featured-img":"","footer-sml-layout":"","theme-transparent-header-meta":"","adv-header-id-meta":"","stick-header-meta":"","header-above-stick-meta":"","header-main-stick-meta":"","header-below-stick-meta":"","astra-migrate-meta-layouts":"default","ast-page-background-enabled":"default","ast-page-background-meta":{"desktop":{"background-color":"var(--ast-global-color-4)","background-image":"","background-repeat":"repeat","background-position":"center center","background-size":"auto","background-attachment":"scroll","background-type":"","background-media":"","overlay-type":"","overlay-color":"","overlay-opacity":"","overlay-gradient":""},"tablet":{"background-color":"","background-image":"","background-repeat":"repeat","background-position":"center center","background-size":"auto","background-attachment":"scroll","background-type":"","background-media":"","overlay-type":"","overlay-color":"","overlay-opacity":"","overlay-gradient":""},"mobile":{"background-color":"","background-image":"","background-repeat":"repeat","background-position":"center center","background-size":"auto","background-attachment":"scroll","background-type":"","background-media":"","overlay-type":"","overlay-color":"","overlay-opacity":"","overlay-gradient":""}},"ast-content-background-meta":{"desktop":{"background-color":"var(--ast-global-color-5)","background-image":"","background-repeat":"repeat","background-position":"center center","background-size":"auto","background-attachment":"scroll","background-type":"","background-media":"","overlay-type":"","overlay-color":"","overlay-opacity":"","overlay-gradient":""},"tablet":{"background-color":"var(--ast-global-color-5)","background-image":"","background-repeat":"repeat","background-position":"center center","background-size":"auto","background-attachment":"scroll","background-type":"","background-media":"","overlay-type":"","overlay-color":"","overlay-opacity":"","overlay-gradient":""},"mobile":{"background-color":"var(--ast-global-color-5)","background-image":"","background-repeat":"repeat","background-position":"center center","background-size":"auto","background-attachment":"scroll","background-type":"","background-media":"","overlay-type":"","overlay-color":"","overlay-opacity":"","overlay-gradient":""}},"footnotes":""},"class_list":["post-3869","page","type-page","status-publish","hentry"],"_links":{"self":[{"href":"https:\/\/ianalitic.com\/en\/wp-json\/wp\/v2\/pages\/3869","targetHints":{"allow":["GET"]}}],"collection":[{"href":"https:\/\/ianalitic.com\/en\/wp-json\/wp\/v2\/pages"}],"about":[{"href":"https:\/\/ianalitic.com\/en\/wp-json\/wp\/v2\/types\/page"}],"author":[{"embeddable":true,"href":"https:\/\/ianalitic.com\/en\/wp-json\/wp\/v2\/users\/1"}],"replies":[{"embeddable":true,"href":"https:\/\/ianalitic.com\/en\/wp-json\/wp\/v2\/comments?post=3869"}],"version-history":[{"count":83,"href":"https:\/\/ianalitic.com\/en\/wp-json\/wp\/v2\/pages\/3869\/revisions"}],"predecessor-version":[{"id":4948,"href":"https:\/\/ianalitic.com\/en\/wp-json\/wp\/v2\/pages\/3869\/revisions\/4948"}],"wp:attachment":[{"href":"https:\/\/ianalitic.com\/en\/wp-json\/wp\/v2\/media?parent=3869"}],"curies":[{"name":"wp","href":"https:\/\/api.w.org\/{rel}","templated":true}]}}